{"id":207,"date":"2024-09-16T12:40:58","date_gmt":"2024-09-16T10:40:58","guid":{"rendered":"https:\/\/essencialosteopatia.cat\/fisioterapia-uroginecologica\/"},"modified":"2024-09-17T06:55:52","modified_gmt":"2024-09-17T04:55:52","slug":"fisioterapia-uroginecologica","status":"publish","type":"page","link":"https:\/\/essencialosteopatia.cat\/es\/fisioterapia-uroginecologica\/","title":{"rendered":"Fisioterapia uroginecol\u00f3gica"},"content":{"rendered":"<p>[et_pb_section fb_built=\u00bb1&#8243; custom_padding_last_edited=\u00bbon|phone\u00bb _builder_version=\u00bb4.27.0&#8243; _module_preset=\u00bbdefault\u00bb custom_padding_tablet=\u00bb\u00bb custom_padding_phone=\u00bb8px||0px||false|false\u00bb global_colors_info=\u00bb{}\u00bb][et_pb_row column_structure=\u00bb1_5,3_5,1_5&#8243; _builder_version=\u00bb4.27.0&#8243; _module_preset=\u00bbdefault\u00bb width=\u00bb90%\u00bb max_width=\u00bb1195px\u00bb hover_enabled=\u00bb0&#8243; global_colors_info=\u00bb{}\u00bb sticky_enabled=\u00bb0&#8243;][et_pb_column type=\u00bb1_5&#8243; _builder_version=\u00bb4.27.0&#8243; _module_preset=\u00bbdefault\u00bb global_colors_info=\u00bb{}\u00bb][\/et_pb_column][et_pb_column type=\u00bb3_5&#8243; _builder_version=\u00bb4.27.0&#8243; _module_preset=\u00bbdefault\u00bb global_colors_info=\u00bb{}\u00bb][et_pb_text _builder_version=\u00bb4.27.0&#8243; _module_preset=\u00bbdefault\u00bb header_text_color=\u00bb#585857&#8243; header_font_size=\u00bb63px\u00bb header_2_text_color=\u00bb#585857&#8243; header_2_font_size=\u00bb70px\u00bb header_2_line_height=\u00bb1.1em\u00bb header_3_text_color=\u00bb#585857&#8243; header_3_font_size=\u00bb63px\u00bb text_orientation=\u00bbcenter\u00bb header_font_size_tablet=\u00bb63px\u00bb header_font_size_phone=\u00bb40px\u00bb header_font_size_last_edited=\u00bbon|phone\u00bb header_2_font_size_tablet=\u00bb70px\u00bb header_2_font_size_phone=\u00bb24px\u00bb header_2_font_size_last_edited=\u00bbon|phone\u00bb header_3_font_size_tablet=\u00bb63px\u00bb header_3_font_size_phone=\u00bb40px\u00bb header_3_font_size_last_edited=\u00bbon|phone\u00bb global_colors_info=\u00bb{}\u00bb]<\/p>\n<h1>Fisioterapia uroginecol\u00f3gica<\/h1>\n<p>[\/et_pb_text][et_pb_text _builder_version=\u00bb4.27.0&#8243; _module_preset=\u00bbdefault\u00bb text_font=\u00bb|300|||||||\u00bb text_font_size=\u00bb22px\u00bb text_line_height=\u00bb1.4em\u00bb header_text_color=\u00bb#585857&#8243; header_font_size=\u00bb24px\u00bb text_orientation=\u00bbcenter\u00bb custom_margin=\u00bb-25px||||false|false\u00bb text_font_size_tablet=\u00bb24px\u00bb text_font_size_phone=\u00bb18px\u00bb text_font_size_last_edited=\u00bbon|phone\u00bb global_colors_info=\u00bb{}\u00bb]<\/p>\n<p>Estamos especializados en fisioterapia del suelo p\u00e9lvico. Una rama esencial para tratar disfunciones en esa zona proporcionando una mejor calidad de vida de la mujer. <\/p>\n<p>[\/et_pb_text][\/et_pb_column][et_pb_column type=\u00bb1_5&#8243; _builder_version=\u00bb4.27.0&#8243; _module_preset=\u00bbdefault\u00bb global_colors_info=\u00bb{}\u00bb][\/et_pb_column][\/et_pb_row][\/et_pb_section][et_pb_section fb_built=\u00bb1&#8243; _builder_version=\u00bb4.27.0&#8243; _module_preset=\u00bbdefault\u00bb custom_margin=\u00bb-30px||||false|false\u00bb custom_margin_tablet=\u00bb-30px||||false|false\u00bb custom_margin_phone=\u00bb||-80px||false|false\u00bb custom_margin_last_edited=\u00bbon|phone\u00bb custom_padding=\u00bb||156px|||\u00bb hover_enabled=\u00bb0&#8243; global_colors_info=\u00bb{}\u00bb animation_style=\u00bbfade\u00bb sticky_enabled=\u00bb0&#8243;][et_pb_row column_structure=\u00bb3_5,2_5&#8243; _builder_version=\u00bb4.27.0&#8243; _module_preset=\u00bbdefault\u00bb width=\u00bb90%\u00bb max_width=\u00bb1314px\u00bb global_colors_info=\u00bb{}\u00bb][et_pb_column type=\u00bb3_5&#8243; _builder_version=\u00bb4.27.0&#8243; _module_preset=\u00bbdefault\u00bb global_colors_info=\u00bb{}\u00bb][et_pb_image src=\u00bbhttps:\/\/essencialosteopatia.cat\/wp-content\/uploads\/2024\/09\/Essencial_Fisioterapia_GironaMesa-de-trabajo.png\u00bb title_text=\u00bbEssencial_Fisioter\u00e0pia_GironaMesa de trabajo\u00bb align=\u00bbcenter\u00bb _builder_version=\u00bb4.27.0&#8243; _module_preset=\u00bbdefault\u00bb width=\u00bb84%\u00bb global_colors_info=\u00bb{}\u00bb][\/et_pb_image][\/et_pb_column][et_pb_column type=\u00bb2_5&#8243; _builder_version=\u00bb4.27.0&#8243; _module_preset=\u00bbdefault\u00bb global_colors_info=\u00bb{}\u00bb][et_pb_text _builder_version=\u00bb4.27.0&#8243; _module_preset=\u00bbdefault\u00bb header_2_font_size=\u00bb30px\u00bb custom_margin=\u00bb||11px|||\u00bb header_2_font_size_tablet=\u00bb30px\u00bb header_2_font_size_phone=\u00bb20px\u00bb header_2_font_size_last_edited=\u00bbon|phone\u00bb global_colors_info=\u00bb{}\u00bb]<\/p>\n<h2>Fisioter\u00e0pia uroginecol\u00f2gica para mujeres<\/h2>\n<p>[\/et_pb_text][et_pb_text _builder_version=\u00bb4.27.0&#8243; _module_preset=\u00bbdefault\u00bb text_font_size=\u00bb16px\u00bb text_font_size_tablet=\u00bb\u00bb text_font_size_phone=\u00bb15px\u00bb text_font_size_last_edited=\u00bbon|phone\u00bb global_colors_info=\u00bb{}\u00bb]<\/p>\n<p style=\"text-align: left;\">Estamos especializados en abordar afecciones como la incontinencia urinaria, el prolapso de los \u00f3rganos de la pelvis y el dolor p\u00e9lvico, con un enfoque personalizado e integral. Trabajamos con t\u00e9cnicas avanzadas y ejercicios adaptados para ayudar a las mujeres a recuperar la funci\u00f3n normal del suelo p\u00e9lvico, especialmente en etapas como el embarazo el posparto o la menopausia. <\/p>\n<p>[\/et_pb_text][et_pb_text _builder_version=\u00bb4.27.0&#8243; _module_preset=\u00bbdefault\u00bb text_font=\u00bb|600|||||||\u00bb text_font_size=\u00bb18px\u00bb text_letter_spacing=\u00bb2px\u00bb header_text_color=\u00bb#585857&#8243; header_font_size=\u00bb26px\u00bb text_orientation=\u00bbcenter\u00bb header_font_size_tablet=\u00bb26px\u00bb header_font_size_phone=\u00bb18px\u00bb header_font_size_last_edited=\u00bbon|phone\u00bb global_colors_info=\u00bb{}\u00bb]<\/p>\n<p style=\"text-align: left;\">BENEFICIOS POTENCIALES DURANTE EL EMBARAZO<\/p>\n<p>[\/et_pb_text][et_pb_text _builder_version=\u00bb4.27.0&#8243; _module_preset=\u00bbdefault\u00bb text_font_size=\u00bb16px\u00bb text_font_size_tablet=\u00bb\u00bb text_font_size_phone=\u00bb15px\u00bb text_font_size_last_edited=\u00bbon|phone\u00bb global_colors_info=\u00bb{}\u00bb]<\/p>\n<p style=\"text-align: left;\"><span style=\"color: #7bc5b2;\"><strong>Mejora de la postura<\/strong><\/span><br \/>La fisioterapia ayuda a mantener una postura correcta, mejorando el bienestar tanto de la madre como del beb\u00e9. <\/p>\n<p style=\"text-align: left;\"><span style=\"color: #7bc5b2;\"><strong>Preparaci\u00f3n del suelo p\u00e9lvico<\/strong><\/span><br \/>El trabajo del suelo p\u00e9lvico durante el embarazo ayuda a prevenir y mejorar las hemorroides, estre\u00f1imiento y posibles complicaciones durante el parto. <\/p>\n<p>[\/et_pb_text][et_pb_text _builder_version=\u00bb4.27.0&#8243; _module_preset=\u00bbdefault\u00bb text_font=\u00bb|600|||||||\u00bb text_font_size=\u00bb18px\u00bb text_letter_spacing=\u00bb2px\u00bb header_text_color=\u00bb#585857&#8243; header_font_size=\u00bb26px\u00bb text_orientation=\u00bbcenter\u00bb header_font_size_tablet=\u00bb26px\u00bb header_font_size_phone=\u00bb18px\u00bb header_font_size_last_edited=\u00bbon|phone\u00bb global_colors_info=\u00bb{}\u00bb]<\/p>\n<p style=\"text-align: left;\">BENEFICIOS POTENCIALES DURANTE EL POSTPARTO<\/p>\n<p>[\/et_pb_text][et_pb_text _builder_version=\u00bb4.27.0&#8243; _module_preset=\u00bbdefault\u00bb text_font_size=\u00bb16px\u00bb text_font_size_tablet=\u00bb\u00bb text_font_size_phone=\u00bb15px\u00bb text_font_size_last_edited=\u00bbon|phone\u00bb global_colors_info=\u00bb{}\u00bb]<\/p>\n<p style=\"text-align: left;\"><span style=\"color: #7bc5b2;\"><strong>Recuperaci\u00f3n del suelo p\u00e9lvico<\/strong><\/span><br \/>La fisioterapia puede ayudar a fortalecer el suelo p\u00e9lvico despu\u00e9s del parto, mejorado su funci\u00f3n y reduciendo el riesgo de incontinencia urinaria. El trabajo manual de las cicatrices (desgarros, episiotom\u00edas o ces\u00e1reas) disminuir\u00e1 el dolor y facilitar\u00e1 el equilibrio de las tensiones de la zona.  <\/p>\n<p style=\"text-align: left;\"><span style=\"color: #7bc5b2;\"><strong>Prevenci\u00f3n y tratamiento de la di\u00e1stasis abdominal<\/strong><\/span><br \/>Diagn\u00f3stico, prevenci\u00f3n y tratamiento de la distensi\u00f3n de la musculatura de la faja abdominal durante el embarazo y el postparto.<\/p>\n<p>[\/et_pb_text][et_pb_text _builder_version=\u00bb4.27.0&#8243; _module_preset=\u00bbdefault\u00bb text_font=\u00bb|600|||||||\u00bb text_font_size=\u00bb18px\u00bb text_letter_spacing=\u00bb2px\u00bb header_text_color=\u00bb#585857&#8243; header_font_size=\u00bb26px\u00bb text_orientation=\u00bbcenter\u00bb header_font_size_tablet=\u00bb26px\u00bb header_font_size_phone=\u00bb18px\u00bb header_font_size_last_edited=\u00bbon|phone\u00bb global_colors_info=\u00bb{}\u00bb]<\/p>\n<p style=\"text-align: left;\">BENEFICIOS POTENCIALES EN LA MENOPAUSIA<\/p>\n<p>[\/et_pb_text][et_pb_text _builder_version=\u00bb4.27.0&#8243; _module_preset=\u00bbdefault\u00bb text_font_size=\u00bb16px\u00bb text_font_size_tablet=\u00bb\u00bb text_font_size_phone=\u00bb15px\u00bb text_font_size_last_edited=\u00bbon|phone\u00bb global_colors_info=\u00bb{}\u00bb]<\/p>\n<p style=\"text-align: left;\"><span style=\"color: #7bc5b2;\"><strong>Prevenci\u00f3n y tratamiento de la incontinencia urinaria<\/strong><\/span><br \/>Reducci\u00f3n de los episodios de incontinencia urinaria mediante ejercicios de reentrenamiento del suelo p\u00e9lvico. <\/p>\n<p style=\"text-align: left;\"><span style=\"color: #7bc5b2;\"><strong>Acompa\u00f1amiento de los cambios fisiol\u00f3gicos asociados a la menopausia<\/strong><\/span><br \/>Mantenimiento de la fuerza y flexibilidad del suelo p\u00e9lvico, para contrarrestar el efecto de la disminuci\u00f3n fisiol\u00f3gica de estr\u00f3genos. Evitando as\u00ed problemas como la sequedad vaginal, hipoton\u00eda, rigidez y dolor. <\/p>\n<p>[\/et_pb_text][et_pb_button button_url=\u00bb@ET-DC@eyJkeW5hbWljIjp0cnVlLCJjb250ZW50IjoicG9zdF9saW5rX3VybF9wYWdlIiwic2V0dGluZ3MiOnsicG9zdF9pZCI6IjExOSJ9fQ==@\u00bb button_text=\u00bbPonte en contacto con nosotros\u00bb button_alignment=\u00bbleft\u00bb _builder_version=\u00bb4.27.0&#8243; _dynamic_attributes=\u00bbbutton_url\u00bb _module_preset=\u00bbdefault\u00bb custom_button=\u00bbon\u00bb button_text_size=\u00bb17px\u00bb button_text_color=\u00bb#585857&#8243; button_bg_color=\u00bb#DCEEEB\u00bb button_border_width=\u00bb0px\u00bb button_border_radius=\u00bb12px\u00bb button_font=\u00bb|300|||||||\u00bb global_colors_info=\u00bb{}\u00bb][\/et_pb_button][\/et_pb_column][\/et_pb_row][\/et_pb_section][et_pb_section fb_built=\u00bb1&#8243; fullwidth=\u00bbon\u00bb _builder_version=\u00bb4.27.0&#8243; _module_preset=\u00bbdefault\u00bb global_colors_info=\u00bb{}\u00bb][et_pb_fullwidth_code _builder_version=\u00bb4.27.0&#8243; _module_preset=\u00bbdefault\u00bb global_colors_info=\u00bb{}\u00bb]<iframe src=\"https:\/\/www.google.com\/maps\/embed?pb=!1m18!1m12!1m3!1d2965.9576252414618!2d2.817039376463109!3d41.97971955904502!2m3!1f0!2f0!3f0!3m2!1i1024!2i768!4f13.1!3m3!1m2!1s0x12bae6df31bdf0e9%3A0x3b4bb9f27576891e!2solga%20dom%C3%A8nech%20-%20fisioter%C3%A0pia%20i%20osteopatia!5e0!3m2!1sca!2ses!4v1726480264585!5m2!1sca!2ses\" width=\"100%\" height=\"300\" style=\"border:0;\" allowfullscreen=\"\" loading=\"lazy\" referrerpolicy=\"no-referrer-when-downgrade\"><\/iframe>[\/et_pb_fullwidth_code][\/et_pb_section]<\/p>\n","protected":false},"excerpt":{"rendered":"<p>Fisioterapia uroginecol\u00f3gicaEstamos especializados en fisioterapia del suelo p\u00e9lvico. Una rama esencial para tratar disfunciones en esa zona proporcionando una mejor calidad de vida de la mujer. Fisioter\u00e0pia uroginecol\u00f2gica para mujeresEstamos especializados en abordar afecciones como la incontinencia urinaria, el prolapso de los \u00f3rganos de la pelvis y el dolor p\u00e9lvico, con un enfoque personalizado e [&hellip;]<\/p>\n","protected":false},"author":1,"featured_media":0,"parent":0,"menu_order":0,"comment_status":"closed","ping_status":"closed","template":"","meta":{"_et_pb_use_builder":"on","_et_pb_old_content":"","_et_gb_content_width":"","_joinchat":[],"footnotes":""},"class_list":["post-207","page","type-page","status-publish","hentry"],"yoast_head":"<!-- This site is optimized with the Yoast SEO plugin v24.6 - https:\/\/yoast.com\/wordpress\/plugins\/seo\/ -->\n<title>Fisioterapia uroginecol\u00f3gica - Essencial<\/title>\n<meta name=\"robots\" content=\"index, follow, max-snippet:-1, max-image-preview:large, max-video-preview:-1\" \/>\n<link rel=\"canonical\" href=\"https:\/\/essencialosteopatia.cat\/es\/fisioterapia-uroginecologica\/\" \/>\n<meta property=\"og:locale\" content=\"es_ES\" \/>\n<meta property=\"og:type\" content=\"article\" \/>\n<meta property=\"og:title\" content=\"Fisioterapia uroginecol\u00f3gica - Essencial\" \/>\n<meta property=\"og:description\" content=\"Fisioterapia uroginecol\u00f3gicaEstamos especializados en fisioterapia del suelo p\u00e9lvico. Una rama esencial para tratar disfunciones en esa zona proporcionando una mejor calidad de vida de la mujer. Fisioter\u00e0pia uroginecol\u00f2gica para mujeresEstamos especializados en abordar afecciones como la incontinencia urinaria, el prolapso de los \u00f3rganos de la pelvis y el dolor p\u00e9lvico, con un enfoque personalizado e [&hellip;]\" \/>\n<meta property=\"og:url\" content=\"https:\/\/essencialosteopatia.cat\/es\/fisioterapia-uroginecologica\/\" \/>\n<meta property=\"og:site_name\" content=\"Essencial\" \/>\n<meta property=\"article:modified_time\" content=\"2024-09-17T04:55:52+00:00\" \/>\n<meta name=\"twitter:card\" content=\"summary_large_image\" \/>\n<meta name=\"twitter:label1\" content=\"Tiempo de lectura\" \/>\n\t<meta name=\"twitter:data1\" content=\"6 minutos\" \/>\n<script type=\"application\/ld+json\" class=\"yoast-schema-graph\">{\"@context\":\"https:\/\/schema.org\",\"@graph\":[{\"@type\":\"WebPage\",\"@id\":\"https:\/\/essencialosteopatia.cat\/es\/fisioterapia-uroginecologica\/\",\"url\":\"https:\/\/essencialosteopatia.cat\/es\/fisioterapia-uroginecologica\/\",\"name\":\"Fisioterapia uroginecol\u00f3gica - Essencial\",\"isPartOf\":{\"@id\":\"https:\/\/essencialosteopatia.cat\/#website\"},\"datePublished\":\"2024-09-16T10:40:58+00:00\",\"dateModified\":\"2024-09-17T04:55:52+00:00\",\"breadcrumb\":{\"@id\":\"https:\/\/essencialosteopatia.cat\/es\/fisioterapia-uroginecologica\/#breadcrumb\"},\"inLanguage\":\"es\",\"potentialAction\":[{\"@type\":\"ReadAction\",\"target\":[\"https:\/\/essencialosteopatia.cat\/es\/fisioterapia-uroginecologica\/\"]}]},{\"@type\":\"BreadcrumbList\",\"@id\":\"https:\/\/essencialosteopatia.cat\/es\/fisioterapia-uroginecologica\/#breadcrumb\",\"itemListElement\":[{\"@type\":\"ListItem\",\"position\":1,\"name\":\"Inici\",\"item\":\"https:\/\/essencialosteopatia.cat\/es\/\"},{\"@type\":\"ListItem\",\"position\":2,\"name\":\"Fisioterapia uroginecol\u00f3gica\"}]},{\"@type\":\"WebSite\",\"@id\":\"https:\/\/essencialosteopatia.cat\/#website\",\"url\":\"https:\/\/essencialosteopatia.cat\/\",\"name\":\"https:\/\/essencialosteopatia.cat\/\",\"description\":\"Osteopatia i fisioter\u00e0pia\",\"publisher\":{\"@id\":\"https:\/\/essencialosteopatia.cat\/#organization\"},\"potentialAction\":[{\"@type\":\"SearchAction\",\"target\":{\"@type\":\"EntryPoint\",\"urlTemplate\":\"https:\/\/essencialosteopatia.cat\/?s={search_term_string}\"},\"query-input\":{\"@type\":\"PropertyValueSpecification\",\"valueRequired\":true,\"valueName\":\"search_term_string\"}}],\"inLanguage\":\"es\"},{\"@type\":\"Organization\",\"@id\":\"https:\/\/essencialosteopatia.cat\/#organization\",\"name\":\"Essencial Osteopatia\",\"url\":\"https:\/\/essencialosteopatia.cat\/\",\"logo\":{\"@type\":\"ImageObject\",\"inLanguage\":\"es\",\"@id\":\"https:\/\/essencialosteopatia.cat\/#\/schema\/logo\/image\/\",\"url\":\"https:\/\/essencialosteopatia.cat\/wp-content\/uploads\/2024\/09\/Essencial_Fisioterapia_GironaMesa-de-trabajo-18-8.png\",\"contentUrl\":\"https:\/\/essencialosteopatia.cat\/wp-content\/uploads\/2024\/09\/Essencial_Fisioterapia_GironaMesa-de-trabajo-18-8.png\",\"width\":452,\"height\":183,\"caption\":\"Essencial Osteopatia\"},\"image\":{\"@id\":\"https:\/\/essencialosteopatia.cat\/#\/schema\/logo\/image\/\"},\"sameAs\":[\"https:\/\/www.instagram.com\/essencial.osteo\/\"]}]}<\/script>\n<!-- \/ Yoast SEO plugin. -->","yoast_head_json":{"title":"Fisioterapia uroginecol\u00f3gica - Essencial","robots":{"index":"index","follow":"follow","max-snippet":"max-snippet:-1","max-image-preview":"max-image-preview:large","max-video-preview":"max-video-preview:-1"},"canonical":"https:\/\/essencialosteopatia.cat\/es\/fisioterapia-uroginecologica\/","og_locale":"es_ES","og_type":"article","og_title":"Fisioterapia uroginecol\u00f3gica - Essencial","og_description":"Fisioterapia uroginecol\u00f3gicaEstamos especializados en fisioterapia del suelo p\u00e9lvico. Una rama esencial para tratar disfunciones en esa zona proporcionando una mejor calidad de vida de la mujer. Fisioter\u00e0pia uroginecol\u00f2gica para mujeresEstamos especializados en abordar afecciones como la incontinencia urinaria, el prolapso de los \u00f3rganos de la pelvis y el dolor p\u00e9lvico, con un enfoque personalizado e [&hellip;]","og_url":"https:\/\/essencialosteopatia.cat\/es\/fisioterapia-uroginecologica\/","og_site_name":"Essencial","article_modified_time":"2024-09-17T04:55:52+00:00","twitter_card":"summary_large_image","twitter_misc":{"Tiempo de lectura":"6 minutos"},"schema":{"@context":"https:\/\/schema.org","@graph":[{"@type":"WebPage","@id":"https:\/\/essencialosteopatia.cat\/es\/fisioterapia-uroginecologica\/","url":"https:\/\/essencialosteopatia.cat\/es\/fisioterapia-uroginecologica\/","name":"Fisioterapia uroginecol\u00f3gica - Essencial","isPartOf":{"@id":"https:\/\/essencialosteopatia.cat\/#website"},"datePublished":"2024-09-16T10:40:58+00:00","dateModified":"2024-09-17T04:55:52+00:00","breadcrumb":{"@id":"https:\/\/essencialosteopatia.cat\/es\/fisioterapia-uroginecologica\/#breadcrumb"},"inLanguage":"es","potentialAction":[{"@type":"ReadAction","target":["https:\/\/essencialosteopatia.cat\/es\/fisioterapia-uroginecologica\/"]}]},{"@type":"BreadcrumbList","@id":"https:\/\/essencialosteopatia.cat\/es\/fisioterapia-uroginecologica\/#breadcrumb","itemListElement":[{"@type":"ListItem","position":1,"name":"Inici","item":"https:\/\/essencialosteopatia.cat\/es\/"},{"@type":"ListItem","position":2,"name":"Fisioterapia uroginecol\u00f3gica"}]},{"@type":"WebSite","@id":"https:\/\/essencialosteopatia.cat\/#website","url":"https:\/\/essencialosteopatia.cat\/","name":"https:\/\/essencialosteopatia.cat\/","description":"Osteopatia i fisioter\u00e0pia","publisher":{"@id":"https:\/\/essencialosteopatia.cat\/#organization"},"potentialAction":[{"@type":"SearchAction","target":{"@type":"EntryPoint","urlTemplate":"https:\/\/essencialosteopatia.cat\/?s={search_term_string}"},"query-input":{"@type":"PropertyValueSpecification","valueRequired":true,"valueName":"search_term_string"}}],"inLanguage":"es"},{"@type":"Organization","@id":"https:\/\/essencialosteopatia.cat\/#organization","name":"Essencial Osteopatia","url":"https:\/\/essencialosteopatia.cat\/","logo":{"@type":"ImageObject","inLanguage":"es","@id":"https:\/\/essencialosteopatia.cat\/#\/schema\/logo\/image\/","url":"https:\/\/essencialosteopatia.cat\/wp-content\/uploads\/2024\/09\/Essencial_Fisioterapia_GironaMesa-de-trabajo-18-8.png","contentUrl":"https:\/\/essencialosteopatia.cat\/wp-content\/uploads\/2024\/09\/Essencial_Fisioterapia_GironaMesa-de-trabajo-18-8.png","width":452,"height":183,"caption":"Essencial Osteopatia"},"image":{"@id":"https:\/\/essencialosteopatia.cat\/#\/schema\/logo\/image\/"},"sameAs":["https:\/\/www.instagram.com\/essencial.osteo\/"]}]}},"_links":{"self":[{"href":"https:\/\/essencialosteopatia.cat\/es\/wp-json\/wp\/v2\/pages\/207","targetHints":{"allow":["GET"]}}],"collection":[{"href":"https:\/\/essencialosteopatia.cat\/es\/wp-json\/wp\/v2\/pages"}],"about":[{"href":"https:\/\/essencialosteopatia.cat\/es\/wp-json\/wp\/v2\/types\/page"}],"author":[{"embeddable":true,"href":"https:\/\/essencialosteopatia.cat\/es\/wp-json\/wp\/v2\/users\/1"}],"replies":[{"embeddable":true,"href":"https:\/\/essencialosteopatia.cat\/es\/wp-json\/wp\/v2\/comments?post=207"}],"version-history":[{"count":0,"href":"https:\/\/essencialosteopatia.cat\/es\/wp-json\/wp\/v2\/pages\/207\/revisions"}],"wp:attachment":[{"href":"https:\/\/essencialosteopatia.cat\/es\/wp-json\/wp\/v2\/media?parent=207"}],"curies":[{"name":"wp","href":"https:\/\/api.w.org\/{rel}","templated":true}]}}