{"id":201,"date":"2024-09-16T12:49:18","date_gmt":"2024-09-16T10:49:18","guid":{"rendered":"https:\/\/essencialosteopatia.cat\/contacto\/"},"modified":"2024-09-21T12:43:39","modified_gmt":"2024-09-21T10:43:39","slug":"contacto","status":"publish","type":"page","link":"https:\/\/essencialosteopatia.cat\/es\/contacto\/","title":{"rendered":"Contacto"},"content":{"rendered":"<p>[et_pb_section fb_built=\u00bb1&#8243; custom_padding_last_edited=\u00bbon|phone\u00bb _builder_version=\u00bb4.27.0&#8243; _module_preset=\u00bbdefault\u00bb custom_padding=\u00bb2px||0px|||\u00bb custom_padding_tablet=\u00bb\u00bb custom_padding_phone=\u00bb8px||0px||false|false\u00bb global_colors_info=\u00bb{}\u00bb][et_pb_row column_structure=\u00bb1_2,1_2&#8243; custom_padding_last_edited=\u00bbon|desktop\u00bb _builder_version=\u00bb4.27.0&#8243; _module_preset=\u00bbdefault\u00bb width=\u00bb100%\u00bb max_width=\u00bb1920px\u00bb custom_margin=\u00bb||||false|true\u00bb custom_margin_tablet=\u00bb||||false|true\u00bb custom_margin_phone=\u00bb||||false|true\u00bb custom_margin_last_edited=\u00bbon|desktop\u00bb custom_padding=\u00bb0px||0px||false|false\u00bb custom_padding_tablet=\u00bb0px||0px||false|false\u00bb custom_padding_phone=\u00bb0px||0px||false|false\u00bb global_colors_info=\u00bb{}\u00bb][et_pb_column type=\u00bb1_2&#8243; _builder_version=\u00bb4.27.0&#8243; _module_preset=\u00bbdefault\u00bb custom_padding=\u00bb104px|||230px|false|false\u00bb custom_padding_tablet=\u00bb104px|||230px|false|false\u00bb custom_padding_phone=\u00bb0px|||20px|false|false\u00bb custom_padding_last_edited=\u00bbon|desktop\u00bb global_colors_info=\u00bb{}\u00bb][et_pb_text _builder_version=\u00bb4.27.0&#8243; _module_preset=\u00bbdefault\u00bb header_font_size=\u00bb70px\u00bb header_2_text_color=\u00bb#585857&#8243; header_2_font_size=\u00bb70px\u00bb header_2_line_height=\u00bb1.1em\u00bb text_orientation=\u00bbcenter\u00bb custom_margin=\u00bb69px|||||\u00bb header_2_font_size_tablet=\u00bb70px\u00bb header_2_font_size_phone=\u00bb24px\u00bb header_2_font_size_last_edited=\u00bbon|phone\u00bb global_colors_info=\u00bb{}\u00bb]<\/p>\n<h2 style=\"text-align: left;\">Reserva tu cita<br \/>hoy mismo<\/h2>\n<p>[\/et_pb_text][et_pb_text _builder_version=\u00bb4.27.0&#8243; _module_preset=\u00bbdefault\u00bb text_font=\u00bb|300|||||||\u00bb text_font_size=\u00bb24px\u00bb text_line_height=\u00bb1.4em\u00bb header_text_color=\u00bb#585857&#8243; header_font_size=\u00bb24px\u00bb text_orientation=\u00bbcenter\u00bb custom_margin=\u00bb-25px||||false|false\u00bb hover_enabled=\u00bb0&#8243; text_font_size_tablet=\u00bb24px\u00bb text_font_size_phone=\u00bb18px\u00bb text_font_size_last_edited=\u00bbon|phone\u00bb global_colors_info=\u00bb{}\u00bb sticky_enabled=\u00bb0&#8243;]<\/p>\n<p style=\"text-align: left;\">Si tienes cualquier pregunta o deseas iniciar un tratamiento, estamos a tu disposici\u00f3n. Est\u00e1s a un paso de recuperar su bienestar. <\/p>\n<p>[\/et_pb_text][et_pb_text _builder_version=\u00bb4.27.0&#8243; _module_preset=\u00bbdefault\u00bb text_font=\u00bb|300|||||||\u00bb text_text_color=\u00bb#7CC6B3&#8243; text_font_size=\u00bb31px\u00bb text_orientation=\u00bbcenter\u00bb hover_enabled=\u00bb0&#8243; text_font_size_tablet=\u00bb31px\u00bb text_font_size_phone=\u00bb20px\u00bb text_font_size_last_edited=\u00bbon|phone\u00bb text_line_height_tablet=\u00bb\u00bb text_line_height_phone=\u00bb1.3em\u00bb text_line_height_last_edited=\u00bbon|phone\u00bb global_colors_info=\u00bb{}\u00bb sticky_enabled=\u00bb0&#8243;]<\/p>\n<p style=\"text-align: left;\"> <strong><img loading=\"lazy\" decoding=\"async\" src=\"https:\/\/essencialosteopatia.cat\/wp-content\/uploads\/2024\/09\/Essencial_Fisioterapia_GironaMesa-de-trabajo-4.png\" width=\"26\" height=\"25\" alt=\"\" class=\"wp-image-84 alignnone size-full\" style=\"float: left;\"> 622 911 717<\/strong> (s\u00f3lo Whatsapp)<\/p>\n<p>[\/et_pb_text][et_pb_text _builder_version=\u00bb4.27.0&#8243; _module_preset=\u00bbdefault\u00bb text_font=\u00bb|300|||||||\u00bb text_text_color=\u00bb#7CC6B3&#8243; text_font_size=\u00bb31px\u00bb text_orientation=\u00bbcenter\u00bb custom_margin=\u00bb-18px||||false|false\u00bb text_font_size_tablet=\u00bb31px\u00bb text_font_size_phone=\u00bb20px\u00bb text_font_size_last_edited=\u00bbon|phone\u00bb text_line_height_tablet=\u00bb\u00bb text_line_height_phone=\u00bb1.3em\u00bb text_line_height_last_edited=\u00bbon|phone\u00bb global_colors_info=\u00bb{}\u00bb]<\/p>\n<p style=\"text-align: left;\"><strong><img loading=\"lazy\" decoding=\"async\" src=\"https:\/\/essencialosteopatia.cat\/wp-content\/uploads\/2024\/09\/Essencial_Fisioterapia_GironaMesa-de-trabajo-4-copia.png\" width=\"27\" height=\"25\" alt=\"\" class=\"wp-image-83 alignnone size-full\"> C\/ Juli Garreta, 1 1r F. 17002 &#8211; Girona<\/strong><\/p>\n<p>[\/et_pb_text][\/et_pb_column][et_pb_column type=\u00bb1_2&#8243; _builder_version=\u00bb4.27.0&#8243; _module_preset=\u00bbdefault\u00bb global_colors_info=\u00bb{}\u00bb][et_pb_image src=\u00bbhttps:\/\/essencialosteopatia.cat\/wp-content\/uploads\/2024\/09\/Essencial_Fisioterapia_GironaMesa-de-trabajo-6-100.jpg\u00bb title_text=\u00bbEssencial_Fisioter\u00e0pia_GironaMesa de trabajo 6-100&#8243; align=\u00bbcenter\u00bb force_fullwidth=\u00bbon\u00bb _builder_version=\u00bb4.27.0&#8243; _module_preset=\u00bbdefault\u00bb global_colors_info=\u00bb{}\u00bb][\/et_pb_image][\/et_pb_column][\/et_pb_row][\/et_pb_section][et_pb_section fb_built=\u00bb1&#8243; fullwidth=\u00bbon\u00bb _builder_version=\u00bb4.27.0&#8243; _module_preset=\u00bbdefault\u00bb global_colors_info=\u00bb{}\u00bb][et_pb_fullwidth_code _builder_version=\u00bb4.27.0&#8243; _module_preset=\u00bbdefault\u00bb global_colors_info=\u00bb{}\u00bb]<iframe src=\"https:\/\/www.google.com\/maps\/embed?pb=!1m18!1m12!1m3!1d2965.9576252414618!2d2.817039376463109!3d41.97971955904502!2m3!1f0!2f0!3f0!3m2!1i1024!2i768!4f13.1!3m3!1m2!1s0x12bae6df31bdf0e9%3A0x3b4bb9f27576891e!2solga%20dom%C3%A8nech%20-%20fisioter%C3%A0pia%20i%20osteopatia!5e0!3m2!1sca!2ses!4v1726480264585!5m2!1sca!2ses\" width=\"100%\" height=\"300\" style=\"border:0;\" allowfullscreen=\"\" loading=\"lazy\" referrerpolicy=\"no-referrer-when-downgrade\"><\/iframe>[\/et_pb_fullwidth_code][\/et_pb_section]<\/p>\n","protected":false},"excerpt":{"rendered":"<p>Reserva tu citahoy mismoSi tienes cualquier pregunta o deseas iniciar un tratamiento, estamos a tu disposici\u00f3n. Est\u00e1s a un paso de recuperar su bienestar. 622 911 717 (s\u00f3lo Whatsapp) C\/ Juli Garreta, 1 1r F. 17002 &#8211; Girona<\/p>\n","protected":false},"author":1,"featured_media":0,"parent":0,"menu_order":0,"comment_status":"closed","ping_status":"closed","template":"","meta":{"_et_pb_use_builder":"on","_et_pb_old_content":"","_et_gb_content_width":"","_joinchat":[],"footnotes":""},"class_list":["post-201","page","type-page","status-publish","hentry"],"yoast_head":"<!-- This site is optimized with the Yoast SEO plugin v24.6 - https:\/\/yoast.com\/wordpress\/plugins\/seo\/ -->\n<title>Contacto - Essencial<\/title>\n<meta name=\"robots\" content=\"index, follow, max-snippet:-1, max-image-preview:large, max-video-preview:-1\" \/>\n<link rel=\"canonical\" href=\"https:\/\/essencialosteopatia.cat\/es\/contacto\/\" \/>\n<meta property=\"og:locale\" content=\"es_ES\" \/>\n<meta property=\"og:type\" content=\"article\" \/>\n<meta property=\"og:title\" content=\"Contacto - Essencial\" \/>\n<meta property=\"og:description\" content=\"Reserva tu citahoy mismoSi tienes cualquier pregunta o deseas iniciar un tratamiento, estamos a tu disposici\u00f3n. Est\u00e1s a un paso de recuperar su bienestar. 622 911 717 (s\u00f3lo Whatsapp) C\/ Juli Garreta, 1 1r F. 17002 - Girona\" \/>\n<meta property=\"og:url\" content=\"https:\/\/essencialosteopatia.cat\/es\/contacto\/\" \/>\n<meta property=\"og:site_name\" content=\"Essencial\" \/>\n<meta property=\"article:modified_time\" content=\"2024-09-21T10:43:39+00:00\" \/>\n<meta property=\"og:image\" content=\"https:\/\/essencialosteopatia.cat\/wp-content\/uploads\/2024\/09\/Essencial_Fisioterapia_GironaMesa-de-trabajo-4.png\" \/>\n<meta name=\"twitter:card\" content=\"summary_large_image\" \/>\n<meta name=\"twitter:label1\" content=\"Tiempo de lectura\" \/>\n\t<meta name=\"twitter:data1\" content=\"3 minutos\" \/>\n<script type=\"application\/ld+json\" class=\"yoast-schema-graph\">{\"@context\":\"https:\/\/schema.org\",\"@graph\":[{\"@type\":\"WebPage\",\"@id\":\"https:\/\/essencialosteopatia.cat\/es\/contacto\/\",\"url\":\"https:\/\/essencialosteopatia.cat\/es\/contacto\/\",\"name\":\"Contacto - Essencial\",\"isPartOf\":{\"@id\":\"https:\/\/essencialosteopatia.cat\/#website\"},\"primaryImageOfPage\":{\"@id\":\"https:\/\/essencialosteopatia.cat\/es\/contacto\/#primaryimage\"},\"image\":{\"@id\":\"https:\/\/essencialosteopatia.cat\/es\/contacto\/#primaryimage\"},\"thumbnailUrl\":\"https:\/\/essencialosteopatia.cat\/wp-content\/uploads\/2024\/09\/Essencial_Fisioterapia_GironaMesa-de-trabajo-4.png\",\"datePublished\":\"2024-09-16T10:49:18+00:00\",\"dateModified\":\"2024-09-21T10:43:39+00:00\",\"breadcrumb\":{\"@id\":\"https:\/\/essencialosteopatia.cat\/es\/contacto\/#breadcrumb\"},\"inLanguage\":\"es\",\"potentialAction\":[{\"@type\":\"ReadAction\",\"target\":[\"https:\/\/essencialosteopatia.cat\/es\/contacto\/\"]}]},{\"@type\":\"ImageObject\",\"inLanguage\":\"es\",\"@id\":\"https:\/\/essencialosteopatia.cat\/es\/contacto\/#primaryimage\",\"url\":\"https:\/\/essencialosteopatia.cat\/wp-content\/uploads\/2024\/09\/Essencial_Fisioterapia_GironaMesa-de-trabajo-4.png\",\"contentUrl\":\"https:\/\/essencialosteopatia.cat\/wp-content\/uploads\/2024\/09\/Essencial_Fisioterapia_GironaMesa-de-trabajo-4.png\"},{\"@type\":\"BreadcrumbList\",\"@id\":\"https:\/\/essencialosteopatia.cat\/es\/contacto\/#breadcrumb\",\"itemListElement\":[{\"@type\":\"ListItem\",\"position\":1,\"name\":\"Inici\",\"item\":\"https:\/\/essencialosteopatia.cat\/es\/\"},{\"@type\":\"ListItem\",\"position\":2,\"name\":\"Contacto\"}]},{\"@type\":\"WebSite\",\"@id\":\"https:\/\/essencialosteopatia.cat\/#website\",\"url\":\"https:\/\/essencialosteopatia.cat\/\",\"name\":\"https:\/\/essencialosteopatia.cat\/\",\"description\":\"Osteopatia i fisioter\u00e0pia\",\"publisher\":{\"@id\":\"https:\/\/essencialosteopatia.cat\/#organization\"},\"potentialAction\":[{\"@type\":\"SearchAction\",\"target\":{\"@type\":\"EntryPoint\",\"urlTemplate\":\"https:\/\/essencialosteopatia.cat\/?s={search_term_string}\"},\"query-input\":{\"@type\":\"PropertyValueSpecification\",\"valueRequired\":true,\"valueName\":\"search_term_string\"}}],\"inLanguage\":\"es\"},{\"@type\":\"Organization\",\"@id\":\"https:\/\/essencialosteopatia.cat\/#organization\",\"name\":\"Essencial Osteopatia\",\"url\":\"https:\/\/essencialosteopatia.cat\/\",\"logo\":{\"@type\":\"ImageObject\",\"inLanguage\":\"es\",\"@id\":\"https:\/\/essencialosteopatia.cat\/#\/schema\/logo\/image\/\",\"url\":\"https:\/\/essencialosteopatia.cat\/wp-content\/uploads\/2024\/09\/Essencial_Fisioterapia_GironaMesa-de-trabajo-18-8.png\",\"contentUrl\":\"https:\/\/essencialosteopatia.cat\/wp-content\/uploads\/2024\/09\/Essencial_Fisioterapia_GironaMesa-de-trabajo-18-8.png\",\"width\":452,\"height\":183,\"caption\":\"Essencial Osteopatia\"},\"image\":{\"@id\":\"https:\/\/essencialosteopatia.cat\/#\/schema\/logo\/image\/\"},\"sameAs\":[\"https:\/\/www.instagram.com\/essencial.osteo\/\"]}]}<\/script>\n<!-- \/ Yoast SEO plugin. -->","yoast_head_json":{"title":"Contacto - Essencial","robots":{"index":"index","follow":"follow","max-snippet":"max-snippet:-1","max-image-preview":"max-image-preview:large","max-video-preview":"max-video-preview:-1"},"canonical":"https:\/\/essencialosteopatia.cat\/es\/contacto\/","og_locale":"es_ES","og_type":"article","og_title":"Contacto - Essencial","og_description":"Reserva tu citahoy mismoSi tienes cualquier pregunta o deseas iniciar un tratamiento, estamos a tu disposici\u00f3n. Est\u00e1s a un paso de recuperar su bienestar. 622 911 717 (s\u00f3lo Whatsapp) C\/ Juli Garreta, 1 1r F. 17002 - Girona","og_url":"https:\/\/essencialosteopatia.cat\/es\/contacto\/","og_site_name":"Essencial","article_modified_time":"2024-09-21T10:43:39+00:00","og_image":[{"url":"https:\/\/essencialosteopatia.cat\/wp-content\/uploads\/2024\/09\/Essencial_Fisioterapia_GironaMesa-de-trabajo-4.png","type":"","width":"","height":""}],"twitter_card":"summary_large_image","twitter_misc":{"Tiempo de lectura":"3 minutos"},"schema":{"@context":"https:\/\/schema.org","@graph":[{"@type":"WebPage","@id":"https:\/\/essencialosteopatia.cat\/es\/contacto\/","url":"https:\/\/essencialosteopatia.cat\/es\/contacto\/","name":"Contacto - Essencial","isPartOf":{"@id":"https:\/\/essencialosteopatia.cat\/#website"},"primaryImageOfPage":{"@id":"https:\/\/essencialosteopatia.cat\/es\/contacto\/#primaryimage"},"image":{"@id":"https:\/\/essencialosteopatia.cat\/es\/contacto\/#primaryimage"},"thumbnailUrl":"https:\/\/essencialosteopatia.cat\/wp-content\/uploads\/2024\/09\/Essencial_Fisioterapia_GironaMesa-de-trabajo-4.png","datePublished":"2024-09-16T10:49:18+00:00","dateModified":"2024-09-21T10:43:39+00:00","breadcrumb":{"@id":"https:\/\/essencialosteopatia.cat\/es\/contacto\/#breadcrumb"},"inLanguage":"es","potentialAction":[{"@type":"ReadAction","target":["https:\/\/essencialosteopatia.cat\/es\/contacto\/"]}]},{"@type":"ImageObject","inLanguage":"es","@id":"https:\/\/essencialosteopatia.cat\/es\/contacto\/#primaryimage","url":"https:\/\/essencialosteopatia.cat\/wp-content\/uploads\/2024\/09\/Essencial_Fisioterapia_GironaMesa-de-trabajo-4.png","contentUrl":"https:\/\/essencialosteopatia.cat\/wp-content\/uploads\/2024\/09\/Essencial_Fisioterapia_GironaMesa-de-trabajo-4.png"},{"@type":"BreadcrumbList","@id":"https:\/\/essencialosteopatia.cat\/es\/contacto\/#breadcrumb","itemListElement":[{"@type":"ListItem","position":1,"name":"Inici","item":"https:\/\/essencialosteopatia.cat\/es\/"},{"@type":"ListItem","position":2,"name":"Contacto"}]},{"@type":"WebSite","@id":"https:\/\/essencialosteopatia.cat\/#website","url":"https:\/\/essencialosteopatia.cat\/","name":"https:\/\/essencialosteopatia.cat\/","description":"Osteopatia i fisioter\u00e0pia","publisher":{"@id":"https:\/\/essencialosteopatia.cat\/#organization"},"potentialAction":[{"@type":"SearchAction","target":{"@type":"EntryPoint","urlTemplate":"https:\/\/essencialosteopatia.cat\/?s={search_term_string}"},"query-input":{"@type":"PropertyValueSpecification","valueRequired":true,"valueName":"search_term_string"}}],"inLanguage":"es"},{"@type":"Organization","@id":"https:\/\/essencialosteopatia.cat\/#organization","name":"Essencial Osteopatia","url":"https:\/\/essencialosteopatia.cat\/","logo":{"@type":"ImageObject","inLanguage":"es","@id":"https:\/\/essencialosteopatia.cat\/#\/schema\/logo\/image\/","url":"https:\/\/essencialosteopatia.cat\/wp-content\/uploads\/2024\/09\/Essencial_Fisioterapia_GironaMesa-de-trabajo-18-8.png","contentUrl":"https:\/\/essencialosteopatia.cat\/wp-content\/uploads\/2024\/09\/Essencial_Fisioterapia_GironaMesa-de-trabajo-18-8.png","width":452,"height":183,"caption":"Essencial Osteopatia"},"image":{"@id":"https:\/\/essencialosteopatia.cat\/#\/schema\/logo\/image\/"},"sameAs":["https:\/\/www.instagram.com\/essencial.osteo\/"]}]}},"_links":{"self":[{"href":"https:\/\/essencialosteopatia.cat\/es\/wp-json\/wp\/v2\/pages\/201","targetHints":{"allow":["GET"]}}],"collection":[{"href":"https:\/\/essencialosteopatia.cat\/es\/wp-json\/wp\/v2\/pages"}],"about":[{"href":"https:\/\/essencialosteopatia.cat\/es\/wp-json\/wp\/v2\/types\/page"}],"author":[{"embeddable":true,"href":"https:\/\/essencialosteopatia.cat\/es\/wp-json\/wp\/v2\/users\/1"}],"replies":[{"embeddable":true,"href":"https:\/\/essencialosteopatia.cat\/es\/wp-json\/wp\/v2\/comments?post=201"}],"version-history":[{"count":0,"href":"https:\/\/essencialosteopatia.cat\/es\/wp-json\/wp\/v2\/pages\/201\/revisions"}],"wp:attachment":[{"href":"https:\/\/essencialosteopatia.cat\/es\/wp-json\/wp\/v2\/media?parent=201"}],"curies":[{"name":"wp","href":"https:\/\/api.w.org\/{rel}","templated":true}]}}